{"id":1650,"date":"2018-03-02T20:56:10","date_gmt":"2018-03-02T19:56:10","guid":{"rendered":"http:\/\/haftis.pl\/sklep\/?post_type=product&#038;p=1650"},"modified":"2022-10-03T18:57:43","modified_gmt":"2022-10-03T16:57:43","slug":"bluza-polarowa-z-wyhaftowanym-motywem-wedkarskim-twoj-indywidualny-napis-wzor-2","status":"publish","type":"product","link":"http:\/\/haftis.pl\/sklep\/produkt\/bluza-polarowa-z-wyhaftowanym-motywem-wedkarskim-twoj-indywidualny-napis-wzor-2\/","title":{"rendered":"Bluza polarowa z wyhaftowanym motywem w\u0119dkarskim + Tw\u00f3j indywidualny napis (wz\u00f3r 2)"},"content":{"rendered":"<p>Bluza polarowa o gramaturze\u00a0<b>300g\/m<sup>2<\/sup><\/b>, z dwoma kieszeniami.<br \/>\nMikro polar z wyko\u0144czeniem antypilingowym. Stopery.<br \/>\n<strong>100% Poliester<\/strong>.<\/p>\n<p>Haftujemy na niej wybrany motyw w\u0119dkarski a poni\u017cej dowolny tekst taki jak nazwa ko\u0142a, ksywa czy te\u017c imi\u0119.<\/p>\n<p>Hafty zostan\u0105 wykonane na profesjonalnej\u00a0<strong>maszynie haftuj\u0105cej JANOME MB-4S,<\/strong>\u00a0oraz u\u017cyjemy nici\u00a0<strong>Madeira<\/strong>\u00a0co daje\u00a0<strong>gwarancj\u0119 najwy\u017cszej jako\u015bci haftu<\/strong>.<\/p>\n","protected":false},"excerpt":{"rendered":"<p>Bluza polarowa o gramaturze\u00a0300g\/m2, z dwoma kieszeniami. Mikro polar z wyko\u0144czeniem antypilingowym. Stopery. 100% Poliester. Haftujemy na niej wybrany motyw w\u0119dkarski a poni\u017cej dowolny tekst taki jak nazwa ko\u0142a, ksywa czy te\u017c imi\u0119. Hafty zostan\u0105 wykonane na profesjonalnej\u00a0maszynie haftuj\u0105cej JANOME MB-4S,\u00a0oraz u\u017cyjemy nici\u00a0Madeira\u00a0co daje\u00a0gwarancj\u0119 najwy\u017cszej jako\u015bci haftu.<\/p>\n","protected":false},"featured_media":1623,"comment_status":"open","ping_status":"closed","template":"","meta":[],"product_cat":[292],"product_tag":[293,294,295],"class_list":["post-1650","product","type-product","status-publish","has-post-thumbnail","hentry","product_cat-odziez-wedkarska","product_tag-odziez-wedkarska","product_tag-dla-wedkarza","product_tag-wedkarstwo","tm-has-options","wcspt-has-gallery"],"_links":{"self":[{"href":"http:\/\/haftis.pl\/sklep\/wp-json\/wp\/v2\/product\/1650"}],"collection":[{"href":"http:\/\/haftis.pl\/sklep\/wp-json\/wp\/v2\/product"}],"about":[{"href":"http:\/\/haftis.pl\/sklep\/wp-json\/wp\/v2\/types\/product"}],"replies":[{"embeddable":true,"href":"http:\/\/haftis.pl\/sklep\/wp-json\/wp\/v2\/comments?post=1650"}],"wp:featuredmedia":[{"embeddable":true,"href":"http:\/\/haftis.pl\/sklep\/wp-json\/wp\/v2\/media\/1623"}],"wp:attachment":[{"href":"http:\/\/haftis.pl\/sklep\/wp-json\/wp\/v2\/media?parent=1650"}],"wp:term":[{"taxonomy":"product_cat","embeddable":true,"href":"http:\/\/haftis.pl\/sklep\/wp-json\/wp\/v2\/product_cat?post=1650"},{"taxonomy":"product_tag","embeddable":true,"href":"http:\/\/haftis.pl\/sklep\/wp-json\/wp\/v2\/product_tag?post=1650"}],"curies":[{"name":"wp","href":"https:\/\/api.w.org\/{rel}","templated":true}]}}