{"id":959,"date":"2017-05-12T21:12:09","date_gmt":"2017-05-12T19:12:09","guid":{"rendered":"http:\/\/haftis.pl\/sklep\/?post_type=product&#038;p=959"},"modified":"2018-10-15T22:01:53","modified_gmt":"2018-10-15T20:01:53","slug":"recznik-do-rak-50-100cm-w-ksztalcie-kwiatka-haft-z-imieniem-super-prezent-na-komunie","status":"publish","type":"product","link":"http:\/\/haftis.pl\/sklep\/produkt\/recznik-do-rak-50-100cm-w-ksztalcie-kwiatka-haft-z-imieniem-super-prezent-na-komunie\/","title":{"rendered":"R\u0119cznik do r\u0105k 50x100cm w kszta\u0142cie kwiatka + haft z imieniem super prezent na komuni\u0119"},"content":{"rendered":"<h3>Super prezent na komuni\u0119<\/h3>\n<p><strong>Ekskluzywne r\u0119czniki<\/strong> o puszystym i mi\u0119kkim wyko\u0144czeniu.<br \/>\nIch gramatura to <strong>550 g\/m\u00b2<\/strong> , wykonane w 100% z najwy\u017cszej jako\u015bci bawe\u0142ny, cz\u0119sto <strong>wybierane przez hotele i o\u015brodki Spa<\/strong>.<\/p>\n<p>Idealnie nadaj\u0105 si\u0119 do <strong>codziennego u\u017cytku<\/strong>, nie farbuj\u0105 i wspaniale wch\u0142aniaj\u0105 wod\u0119,<strong> nawet po wielu praniach s\u0105 jak nowe<\/strong>.<\/p>\n<p>Hafty zostan\u0105 wykonane na profesjonalnej <strong>maszynie haftuj\u0105cej JANOME MB-4S,<\/strong> oraz u\u017cyjemy nici <strong>Madeira<\/strong> co daje <strong>gwarancj\u0119 najwy\u017cszej jako\u015bci haftu<\/strong>.<\/p>\n","protected":false},"excerpt":{"rendered":"<p>Super prezent na komuni\u0119 Ekskluzywne r\u0119czniki o puszystym i mi\u0119kkim wyko\u0144czeniu. Ich gramatura to 550 g\/m\u00b2 , wykonane w 100% z najwy\u017cszej jako\u015bci bawe\u0142ny, cz\u0119sto wybierane przez hotele i o\u015brodki Spa. Idealnie nadaj\u0105 si\u0119 do codziennego u\u017cytku, nie farbuj\u0105 i wspaniale wch\u0142aniaj\u0105 wod\u0119, nawet po wielu praniach s\u0105 jak nowe. Hafty zostan\u0105 wykonane na profesjonalnej [&hellip;]<\/p>\n","protected":false},"featured_media":938,"comment_status":"open","ping_status":"closed","template":"","meta":[],"product_cat":[66,69],"product_tag":[194,195,196,197,154,8],"class_list":["post-959","product","type-product","status-publish","has-post-thumbnail","hentry","product_cat-okazjonalne","product_cat-komunia-swieta","product_tag-50x100cm","product_tag-recznik-w-ksztalcie-kwiatka","product_tag-prezent-na-komunie","product_tag-prezent-komunijny","product_tag-recznik-z-haftem","product_tag-recznik-do-rak","tm-has-options","wcspt-has-gallery"],"_links":{"self":[{"href":"http:\/\/haftis.pl\/sklep\/wp-json\/wp\/v2\/product\/959"}],"collection":[{"href":"http:\/\/haftis.pl\/sklep\/wp-json\/wp\/v2\/product"}],"about":[{"href":"http:\/\/haftis.pl\/sklep\/wp-json\/wp\/v2\/types\/product"}],"replies":[{"embeddable":true,"href":"http:\/\/haftis.pl\/sklep\/wp-json\/wp\/v2\/comments?post=959"}],"wp:featuredmedia":[{"embeddable":true,"href":"http:\/\/haftis.pl\/sklep\/wp-json\/wp\/v2\/media\/938"}],"wp:attachment":[{"href":"http:\/\/haftis.pl\/sklep\/wp-json\/wp\/v2\/media?parent=959"}],"wp:term":[{"taxonomy":"product_cat","embeddable":true,"href":"http:\/\/haftis.pl\/sklep\/wp-json\/wp\/v2\/product_cat?post=959"},{"taxonomy":"product_tag","embeddable":true,"href":"http:\/\/haftis.pl\/sklep\/wp-json\/wp\/v2\/product_tag?post=959"}],"curies":[{"name":"wp","href":"https:\/\/api.w.org\/{rel}","templated":true}]}}