{"id":70,"date":"2017-03-24T23:31:41","date_gmt":"2017-03-24T22:31:41","guid":{"rendered":"http:\/\/localhost\/haftis-shop\/?page_id=70"},"modified":"2017-05-20T20:04:36","modified_gmt":"2017-05-20T18:04:36","slug":"formy-platnosci","status":"publish","type":"page","link":"https:\/\/haftis.pl\/sklep\/formy-platnosci\/","title":{"rendered":"Formy p\u0142atno\u015bci"},"content":{"rendered":"<p><strong>Akceptujemy nast\u0119puj\u0105ce formy p\u0142atno\u015bci:<\/strong><\/p>\n<p>&#8211; przelew tradycyjny,<\/p>\n<p>&#8211; przelew internetowy przez system Przelewy24,<\/p>\n<p>&#8211; got\u00f3wka przy odbiorze.<\/p>\n<p>&nbsp;<\/p>\n<p><strong>Dane do wp\u0142aty:<\/strong><\/p>\n<p>HAFTIS &#8211; \u015awiat Prezent\u00f3w Haftowanych<\/p>\n<p>Magdalena Trzebuniak<\/p>\n<p>ul. Kolejowa 41<\/p>\n<p>62-006 Gruszczyn<\/p>\n<p>NIP: 777-266-12-77<\/p>\n<p>nr Konta: ING BANK \u015aL\u0104SKI 59 1050 1520 1000 0092 3133 2140<\/p>\n<p>&nbsp;<\/p>\n<p>W tytule p\u0142atno\u015bci prosimy o podanie numeru zam\u00f3wienia. Dane do wp\u0142aty otrzymasz r\u00f3wnie\u017c w wiadomo\u015bci e-mailowej potwierdzaj\u0105cej zam\u00f3wienie.<\/p>\n","protected":false},"excerpt":{"rendered":"<p>Akceptujemy nast\u0119puj\u0105ce formy p\u0142atno\u015bci: &#8211; przelew tradycyjny, &#8211; przelew internetowy przez system Przelewy24, &#8211; got\u00f3wka przy odbiorze. &nbsp; Dane do wp\u0142aty: HAFTIS &#8211; \u015awiat Prezent\u00f3w Haftowanych Magdalena Trzebuniak ul. Kolejowa 41 62-006 Gruszczyn NIP: 777-266-12-77 nr Konta: ING BANK \u015aL\u0104SKI 59 1050 1520 1000 0092 3133 2140 &nbsp; W tytule p\u0142atno\u015bci prosimy o podanie numeru [&hellip;]<\/p>\n","protected":false},"author":1,"featured_media":0,"parent":0,"menu_order":5,"comment_status":"closed","ping_status":"closed","template":"","meta":{"footnotes":""},"class_list":["post-70","page","type-page","status-publish","hentry"],"_links":{"self":[{"href":"https:\/\/haftis.pl\/sklep\/wp-json\/wp\/v2\/pages\/70"}],"collection":[{"href":"https:\/\/haftis.pl\/sklep\/wp-json\/wp\/v2\/pages"}],"about":[{"href":"https:\/\/haftis.pl\/sklep\/wp-json\/wp\/v2\/types\/page"}],"author":[{"embeddable":true,"href":"https:\/\/haftis.pl\/sklep\/wp-json\/wp\/v2\/users\/1"}],"replies":[{"embeddable":true,"href":"https:\/\/haftis.pl\/sklep\/wp-json\/wp\/v2\/comments?post=70"}],"version-history":[{"count":0,"href":"https:\/\/haftis.pl\/sklep\/wp-json\/wp\/v2\/pages\/70\/revisions"}],"wp:attachment":[{"href":"https:\/\/haftis.pl\/sklep\/wp-json\/wp\/v2\/media?parent=70"}],"curies":[{"name":"wp","href":"https:\/\/api.w.org\/{rel}","templated":true}]}}