{"id":1355,"date":"2017-11-19T18:40:18","date_gmt":"2017-11-19T17:40:18","guid":{"rendered":"http:\/\/haftis.pl\/sklep\/?post_type=product&#038;p=1355"},"modified":"2025-11-24T17:02:28","modified_gmt":"2025-11-24T16:02:28","slug":"recznik-kapielowy-70x140cm-w-koszyku-z-twoim-imieniem-znak-zodiaku-i-przybraniem-swiatecznym","status":"publish","type":"product","link":"https:\/\/haftis.pl\/sklep\/produkt\/recznik-kapielowy-70x140cm-w-koszyku-z-twoim-imieniem-znak-zodiaku-i-przybraniem-swiatecznym\/","title":{"rendered":"R\u0119cznik k\u0105pielowy 70x140cm w koszyku z Twoim imieniem + znak zodiaku i przybraniem \u015bwi\u0105tecznym"},"content":{"rendered":"<h3>Super prezent na \u015bwi\u0119ta Bo\u017cego narodzenia<\/h3>\n<p>R\u0119cznik k\u0105pielowy 70x140cm w koszyku z Twoim imieniem + znakiem zodiaku i przybraniem \u015bwi\u0105tecznym.<\/p>\n<p><strong>Ekskluzywne r\u0119czniki<\/strong> o puszystym i mi\u0119kkim wyko\u0144czeniu.<br \/>\nIch gramatura to <strong>550 g\/m\u00b2<\/strong> , wykonane w 100% z najwy\u017cszej jako\u015bci bawe\u0142ny, cz\u0119sto <strong>wybierane przez hotele i o\u015brodki Spa<\/strong>.<\/p>\n<p>Idealnie nadaj\u0105 si\u0119 do <strong>codziennego u\u017cytku<\/strong>, nie farbuj\u0105 i wspaniale wch\u0142aniaj\u0105 wod\u0119,<strong> nawet po wielu praniach s\u0105 jak nowe<\/strong>.<\/p>\n<p>Hafty zostan\u0105 wykonane na profesjonalnej <strong>maszynie haftuj\u0105cej JANOME MB-4S,<\/strong> oraz u\u017cyjemy nici <strong>Madeira<\/strong> co daje <strong>gwarancj\u0119 najwy\u017cszej jako\u015bci haftu<\/strong>.<\/p>\n<p>Przybranie dobierane jest wed\u0142ug wybranego koloru r\u0119cznika.<\/p>\n","protected":false},"excerpt":{"rendered":"<p>Super prezent na \u015bwi\u0119ta Bo\u017cego narodzenia R\u0119cznik k\u0105pielowy 70x140cm w koszyku z Twoim imieniem + znakiem zodiaku i przybraniem \u015bwi\u0105tecznym. Ekskluzywne r\u0119czniki o puszystym i mi\u0119kkim wyko\u0144czeniu. Ich gramatura to 550 g\/m\u00b2 , wykonane w 100% z najwy\u017cszej jako\u015bci bawe\u0142ny, cz\u0119sto wybierane przez hotele i o\u015brodki Spa. Idealnie nadaj\u0105 si\u0119 do codziennego u\u017cytku, nie farbuj\u0105 [&hellip;]<\/p>\n","protected":false},"featured_media":1356,"comment_status":"open","ping_status":"closed","template":"","meta":[],"product_cat":[278,11,12],"product_tag":[283,284,281,282,279],"class_list":["post-1355","product","type-product","status-publish","has-post-thumbnail","hentry","product_cat-boze-narodzenie","product_cat-reczniki","product_cat-reczniki-kapielowe","product_tag-prezenty-na-swieta","product_tag-prezenty-pod-choinke","product_tag-swieta","product_tag-recznik-z-imieniem","product_tag-boze-narodzenie","tm-has-options","wcspt-has-gallery"],"_links":{"self":[{"href":"https:\/\/haftis.pl\/sklep\/wp-json\/wp\/v2\/product\/1355"}],"collection":[{"href":"https:\/\/haftis.pl\/sklep\/wp-json\/wp\/v2\/product"}],"about":[{"href":"https:\/\/haftis.pl\/sklep\/wp-json\/wp\/v2\/types\/product"}],"replies":[{"embeddable":true,"href":"https:\/\/haftis.pl\/sklep\/wp-json\/wp\/v2\/comments?post=1355"}],"wp:featuredmedia":[{"embeddable":true,"href":"https:\/\/haftis.pl\/sklep\/wp-json\/wp\/v2\/media\/1356"}],"wp:attachment":[{"href":"https:\/\/haftis.pl\/sklep\/wp-json\/wp\/v2\/media?parent=1355"}],"wp:term":[{"taxonomy":"product_cat","embeddable":true,"href":"https:\/\/haftis.pl\/sklep\/wp-json\/wp\/v2\/product_cat?post=1355"},{"taxonomy":"product_tag","embeddable":true,"href":"https:\/\/haftis.pl\/sklep\/wp-json\/wp\/v2\/product_tag?post=1355"}],"curies":[{"name":"wp","href":"https:\/\/api.w.org\/{rel}","templated":true}]}}