{"id":1382,"date":"2017-11-19T20:01:40","date_gmt":"2017-11-19T19:01:40","guid":{"rendered":"http:\/\/haftis.pl\/sklep\/?post_type=product&#038;p=1382"},"modified":"2025-11-24T17:01:44","modified_gmt":"2025-11-24T16:01:44","slug":"2x-recznik-do-rak-50x100cm-w-koszyku-z-twoja-dedykacja-i-przybraniem-swiatecznym-2","status":"publish","type":"product","link":"https:\/\/haftis.pl\/sklep\/produkt\/2x-recznik-do-rak-50x100cm-w-koszyku-z-twoja-dedykacja-i-przybraniem-swiatecznym-2\/","title":{"rendered":"2x r\u0119cznik do r\u0105k 50x100cm w koszyku z Twoj\u0105 dedykacj\u0105 i przybraniem \u015bwi\u0105tecznym"},"content":{"rendered":"<h3>Super prezent na \u015bwi\u0119ta Bo\u017cego narodzenia<\/h3>\n<p>2x r\u0119cznik do r\u0105k 50x100cm z Twoj\u0105 dedykacj\u0105 i przybraniem \u015bwi\u0105tecznym<\/p>\n<p><strong>Ekskluzywne r\u0119czniki<\/strong> o puszystym i mi\u0119kkim wyko\u0144czeniu.<br \/>\nIch gramatura to <strong>550 g\/m\u00b2<\/strong> , wykonane w 100% z najwy\u017cszej jako\u015bci bawe\u0142ny, cz\u0119sto <strong>wybierane przez hotele i o\u015brodki Spa<\/strong>.<\/p>\n<p>Idealnie nadaj\u0105 si\u0119 do <strong>codziennego u\u017cytku<\/strong>, nie farbuj\u0105 i wspaniale wch\u0142aniaj\u0105 wod\u0119,<strong> nawet po wielu praniach s\u0105 jak nowe<\/strong>.<\/p>\n<p>Hafty zostan\u0105 wykonane na profesjonalnej <strong>maszynie haftuj\u0105cej JANOME MB-4S,<\/strong> oraz u\u017cyjemy nici <strong>Madeira<\/strong> co daje <strong>gwarancj\u0119 najwy\u017cszej jako\u015bci haftu<\/strong>.<\/p>\n<p>Przybranie dobierane jest wed\u0142ug wybranego koloru r\u0119cznika.<\/p>\n","protected":false},"excerpt":{"rendered":"<p>Super prezent na \u015bwi\u0119ta Bo\u017cego narodzenia 2x r\u0119cznik do r\u0105k 50x100cm z Twoj\u0105 dedykacj\u0105 i przybraniem \u015bwi\u0105tecznym Ekskluzywne r\u0119czniki o puszystym i mi\u0119kkim wyko\u0144czeniu. Ich gramatura to 550 g\/m\u00b2 , wykonane w 100% z najwy\u017cszej jako\u015bci bawe\u0142ny, cz\u0119sto wybierane przez hotele i o\u015brodki Spa. Idealnie nadaj\u0105 si\u0119 do codziennego u\u017cytku, nie farbuj\u0105 i wspaniale wch\u0142aniaj\u0105 [&hellip;]<\/p>\n","protected":false},"featured_media":1383,"comment_status":"open","ping_status":"closed","template":"","meta":[],"product_cat":[278,11,16,14],"product_tag":[283,284,281,282,279],"class_list":["post-1382","product","type-product","status-publish","has-post-thumbnail","hentry","product_cat-boze-narodzenie","product_cat-reczniki","product_cat-zestawy-recznikow","product_cat-reczniki-do-rak","product_tag-prezenty-na-swieta","product_tag-prezenty-pod-choinke","product_tag-swieta","product_tag-recznik-z-imieniem","product_tag-boze-narodzenie","tm-has-options","wcspt-has-gallery"],"_links":{"self":[{"href":"https:\/\/haftis.pl\/sklep\/wp-json\/wp\/v2\/product\/1382"}],"collection":[{"href":"https:\/\/haftis.pl\/sklep\/wp-json\/wp\/v2\/product"}],"about":[{"href":"https:\/\/haftis.pl\/sklep\/wp-json\/wp\/v2\/types\/product"}],"replies":[{"embeddable":true,"href":"https:\/\/haftis.pl\/sklep\/wp-json\/wp\/v2\/comments?post=1382"}],"wp:featuredmedia":[{"embeddable":true,"href":"https:\/\/haftis.pl\/sklep\/wp-json\/wp\/v2\/media\/1383"}],"wp:attachment":[{"href":"https:\/\/haftis.pl\/sklep\/wp-json\/wp\/v2\/media?parent=1382"}],"wp:term":[{"taxonomy":"product_cat","embeddable":true,"href":"https:\/\/haftis.pl\/sklep\/wp-json\/wp\/v2\/product_cat?post=1382"},{"taxonomy":"product_tag","embeddable":true,"href":"https:\/\/haftis.pl\/sklep\/wp-json\/wp\/v2\/product_tag?post=1382"}],"curies":[{"name":"wp","href":"https:\/\/api.w.org\/{rel}","templated":true}]}}