{"id":1420,"date":"2017-11-19T20:51:36","date_gmt":"2017-11-19T19:51:36","guid":{"rendered":"http:\/\/haftis.pl\/sklep\/?post_type=product&#038;p=1420"},"modified":"2025-11-24T17:00:23","modified_gmt":"2025-11-24T16:00:23","slug":"2x-recznik-kapielowy-70x140cm-2x-recznik-do-rak-50x100cm-w-kartonie-imiona-z-przybraniem-swiatecznym","status":"publish","type":"product","link":"https:\/\/haftis.pl\/sklep\/produkt\/2x-recznik-kapielowy-70x140cm-2x-recznik-do-rak-50x100cm-w-kartonie-imiona-z-przybraniem-swiatecznym\/","title":{"rendered":"2x r\u0119cznik k\u0105pielowy 70x140cm + 2x r\u0119cznik do r\u0105k 50x100cm w kartonie + imiona z przybraniem \u015bwi\u0105tecznym"},"content":{"rendered":"<h3>\u015awietny prezent na Bo\u017ce narodzenie<\/h3>\n<p>2x r\u0119cznik k\u0105pielowy 70x140cm + 2x r\u0119cznik do r\u0105k 50x100cm w kartonie + imiona z przybraniem \u015bwi\u0105tecznym<br \/>\n<strong>Ekskluzywne r\u0119czniki<\/strong> o puszystym i mi\u0119kkim wyko\u0144czeniu.<br \/>\nIch gramatura to <strong>550 g\/m\u00b2<\/strong> , wykonane w 100% z najwy\u017cszej jako\u015bci bawe\u0142ny, cz\u0119sto <strong>wybierane przez hotele i o\u015brodki Spa<\/strong>.<\/p>\n<p>Idealnie nadaj\u0105 si\u0119 do <strong>codziennego u\u017cytku<\/strong>, nie farbuj\u0105 i wspaniale wch\u0142aniaj\u0105 wod\u0119,<strong> nawet po wielu praniach s\u0105 jak nowe<\/strong>.<\/p>\n<p>Hafty zostan\u0105 wykonane na profesjonalnej <strong>maszynie haftuj\u0105cej JANOME MB-4S,<\/strong> oraz u\u017cyjemy nici <strong>Madeira<\/strong> co daje <strong>gwarancj\u0119 najwy\u017cszej jako\u015bci haftu<\/strong>.<\/p>\n<p>Przybranie jest dodawane wed\u0142ug wyboru kolor\u00f3w r\u0119cznik\u00f3w<\/p>\n","protected":false},"excerpt":{"rendered":"<p>\u015awietny prezent na Bo\u017ce narodzenie 2x r\u0119cznik k\u0105pielowy 70x140cm + 2x r\u0119cznik do r\u0105k 50x100cm w kartonie + imiona z przybraniem \u015bwi\u0105tecznym Ekskluzywne r\u0119czniki o puszystym i mi\u0119kkim wyko\u0144czeniu. Ich gramatura to 550 g\/m\u00b2 , wykonane w 100% z najwy\u017cszej jako\u015bci bawe\u0142ny, cz\u0119sto wybierane przez hotele i o\u015brodki Spa. Idealnie nadaj\u0105 si\u0119 do codziennego u\u017cytku, [&hellip;]<\/p>\n","protected":false},"featured_media":1424,"comment_status":"open","ping_status":"closed","template":"","meta":[],"product_cat":[278,11,72,77,78,75,74,73,76,81,16,12],"product_tag":[279,222,223,224,210,180,181,172],"class_list":["post-1420","product","type-product","status-publish","has-post-thumbnail","hentry","product_cat-boze-narodzenie","product_cat-reczniki","product_cat-dla-kogo","product_cat-dla-babci","product_cat-dla-dziadka","product_cat-dla-mamy","product_cat-dla-niego","product_cat-dla-niej","product_cat-dla-taty","product_cat-podziekowania","product_cat-zestawy-recznikow","product_cat-reczniki-kapielowe","product_tag-boze-narodzenie","product_tag-prezent","product_tag-w-kartonie","product_tag-znak-zodiaku","product_tag-upominek","product_tag-reczniki-z-haftem","product_tag-reczniki-kapielowe","product_tag-70x140cm","tm-has-options","wcspt-has-gallery"],"_links":{"self":[{"href":"https:\/\/haftis.pl\/sklep\/wp-json\/wp\/v2\/product\/1420"}],"collection":[{"href":"https:\/\/haftis.pl\/sklep\/wp-json\/wp\/v2\/product"}],"about":[{"href":"https:\/\/haftis.pl\/sklep\/wp-json\/wp\/v2\/types\/product"}],"replies":[{"embeddable":true,"href":"https:\/\/haftis.pl\/sklep\/wp-json\/wp\/v2\/comments?post=1420"}],"wp:featuredmedia":[{"embeddable":true,"href":"https:\/\/haftis.pl\/sklep\/wp-json\/wp\/v2\/media\/1424"}],"wp:attachment":[{"href":"https:\/\/haftis.pl\/sklep\/wp-json\/wp\/v2\/media?parent=1420"}],"wp:term":[{"taxonomy":"product_cat","embeddable":true,"href":"https:\/\/haftis.pl\/sklep\/wp-json\/wp\/v2\/product_cat?post=1420"},{"taxonomy":"product_tag","embeddable":true,"href":"https:\/\/haftis.pl\/sklep\/wp-json\/wp\/v2\/product_tag?post=1420"}],"curies":[{"name":"wp","href":"https:\/\/api.w.org\/{rel}","templated":true}]}}