{"id":1570,"date":"2018-02-24T11:36:20","date_gmt":"2018-02-24T10:36:20","guid":{"rendered":"http:\/\/haftis.pl\/sklep\/?post_type=product&#038;p=1570"},"modified":"2022-10-03T18:57:44","modified_gmt":"2022-10-03T16:57:44","slug":"koszulka-polo-z-wyhaftowanym-motywem-lowieckim-twoj-indywidualny-napis-wzor-10","status":"publish","type":"product","link":"https:\/\/haftis.pl\/sklep\/produkt\/koszulka-polo-z-wyhaftowanym-motywem-lowieckim-twoj-indywidualny-napis-wzor-10\/","title":{"rendered":"Koszulka polo z wyhaftowanym motywem \u0142owieckim + Tw\u00f3j indywidualny napis (wz\u00f3r 10)"},"content":{"rendered":"<p>Koszulka polo <b>100% bawe\u0142na<\/b>,<br \/>\ngramatura\u00a0<b>210g\/m<sup>2<\/sup><\/b>,\u00a0<b>najwy\u017csza jako\u015b\u0107 koszulki,\u00a0<\/b><br \/>\nze szczeg\u00f3\u0142owym i precyzyjnym wykonaniem haftu.<\/p>\n<p>Poni\u017cej motywu \u0142owieckiego haftujemy Pa\u0144stwa dowolny tekst taki jak nazwa ko\u0142a, ksywa czy te\u017c imi\u0119.<\/p>\n<p>Hafty zostan\u0105 wykonane na profesjonalnej\u00a0<strong>maszynie haftuj\u0105cej JANOME MB-4S,<\/strong>\u00a0oraz u\u017cyjemy nici\u00a0<strong>Madeira<\/strong>\u00a0co daje\u00a0<strong>gwarancj\u0119 najwy\u017cszej jako\u015bci haftu<\/strong>.<\/p>\n","protected":false},"excerpt":{"rendered":"<p>Koszulka polo 100% bawe\u0142na, gramatura\u00a0210g\/m2,\u00a0najwy\u017csza jako\u015b\u0107 koszulki,\u00a0 ze szczeg\u00f3\u0142owym i precyzyjnym wykonaniem haftu. Poni\u017cej motywu \u0142owieckiego haftujemy Pa\u0144stwa dowolny tekst taki jak nazwa ko\u0142a, ksywa czy te\u017c imi\u0119. Hafty zostan\u0105 wykonane na profesjonalnej\u00a0maszynie haftuj\u0105cej JANOME MB-4S,\u00a0oraz u\u017cyjemy nici\u00a0Madeira\u00a0co daje\u00a0gwarancj\u0119 najwy\u017cszej jako\u015bci haftu.<\/p>\n","protected":false},"featured_media":1527,"comment_status":"open","ping_status":"closed","template":"","meta":[],"product_cat":[285],"product_tag":[286,287,288,289],"class_list":["post-1570","product","type-product","status-publish","has-post-thumbnail","hentry","product_cat-odziez-lowiecka","product_tag-odziez-lowiecka","product_tag-mysliwy","product_tag-dla-mysliwego","product_tag-motyw-lowiecki","tm-has-options","wcspt-has-gallery"],"_links":{"self":[{"href":"https:\/\/haftis.pl\/sklep\/wp-json\/wp\/v2\/product\/1570"}],"collection":[{"href":"https:\/\/haftis.pl\/sklep\/wp-json\/wp\/v2\/product"}],"about":[{"href":"https:\/\/haftis.pl\/sklep\/wp-json\/wp\/v2\/types\/product"}],"replies":[{"embeddable":true,"href":"https:\/\/haftis.pl\/sklep\/wp-json\/wp\/v2\/comments?post=1570"}],"wp:featuredmedia":[{"embeddable":true,"href":"https:\/\/haftis.pl\/sklep\/wp-json\/wp\/v2\/media\/1527"}],"wp:attachment":[{"href":"https:\/\/haftis.pl\/sklep\/wp-json\/wp\/v2\/media?parent=1570"}],"wp:term":[{"taxonomy":"product_cat","embeddable":true,"href":"https:\/\/haftis.pl\/sklep\/wp-json\/wp\/v2\/product_cat?post=1570"},{"taxonomy":"product_tag","embeddable":true,"href":"https:\/\/haftis.pl\/sklep\/wp-json\/wp\/v2\/product_tag?post=1570"}],"curies":[{"name":"wp","href":"https:\/\/api.w.org\/{rel}","templated":true}]}}