{"id":162,"date":"2017-03-29T23:26:12","date_gmt":"2017-03-29T21:26:12","guid":{"rendered":"http:\/\/localhost\/haftis-shop\/?post_type=product&#038;p=162"},"modified":"2023-11-24T09:53:09","modified_gmt":"2023-11-24T08:53:09","slug":"slonie-z-recznikow-w-ozdobnym-koszyku-2x-recznik-kapielowy-2x-recznik-do-rak-haft","status":"publish","type":"product","link":"https:\/\/haftis.pl\/sklep\/produkt\/slonie-z-recznikow-w-ozdobnym-koszyku-2x-recznik-kapielowy-2x-recznik-do-rak-haft\/","title":{"rendered":"S\u0142onie z r\u0119cznik\u00f3w w ozdobnym koszyku (2x r\u0119cznik k\u0105pielowy i 2x r\u0119cznik do r\u0105k) + indywidualne hafty"},"content":{"rendered":"<h3>\u015awietny prezent na jubileusz<\/h3>\n<p><strong>Ekskluzywne r\u0119czniki<\/strong> o puszystym i mi\u0119kkim wyko\u0144czeniu.<br \/>\nIch gramatura to <strong>550 g\/m\u00b2<\/strong> , wykonane w 100% z najwy\u017cszej jako\u015bci bawe\u0142ny, cz\u0119sto <strong>wybierane przez hotele i o\u015brodki Spa<\/strong>.<\/p>\n<p>Idealnie nadaj\u0105 si\u0119 do <strong>codziennego u\u017cytku<\/strong>, nie farbuj\u0105 i wspaniale wch\u0142aniaj\u0105 wod\u0119,<strong> nawet po wielu praniach s\u0105 jak nowe<\/strong>.<\/p>\n<p>Hafty zostan\u0105 wykonane na profesjonalnej <strong>maszynie haftuj\u0105cej JANOME MB-4S,<\/strong> oraz u\u017cyjemy nici <strong>Madeira<\/strong> co daje <strong>gwarancj\u0119 najwy\u017cszej jako\u015bci haftu<\/strong>.<\/p>\n","protected":false},"excerpt":{"rendered":"<p>\u015awietny prezent na jubileusz Ekskluzywne r\u0119czniki o puszystym i mi\u0119kkim wyko\u0144czeniu. Ich gramatura to 550 g\/m\u00b2 , wykonane w 100% z najwy\u017cszej jako\u015bci bawe\u0142ny, cz\u0119sto wybierane przez hotele i o\u015brodki Spa. Idealnie nadaj\u0105 si\u0119 do codziennego u\u017cytku, nie farbuj\u0105 i wspaniale wch\u0142aniaj\u0105 wod\u0119, nawet po wielu praniach s\u0105 jak nowe. Hafty zostan\u0105 wykonane na profesjonalnej [&hellip;]<\/p>\n","protected":false},"featured_media":1235,"comment_status":"open","ping_status":"closed","template":"","meta":[],"product_cat":[11,72,81,66,17,71,70,14,12],"product_tag":[220,221,205,206,188,189,190,182,183,184,185,186,180,181,172],"class_list":["post-162","product","type-product","status-publish","has-post-thumbnail","hentry","product_cat-reczniki","product_cat-dla-kogo","product_cat-podziekowania","product_cat-okazjonalne","product_cat-maskotki-z-recznikow","product_cat-jubileusze-rocznice","product_cat-prezenty-slubne","product_cat-reczniki-do-rak","product_cat-reczniki-kapielowe","product_tag-slonie-z-recznikow","product_tag-sloniki","product_tag-w-koszyku","product_tag-podziekowania","product_tag-w-koszu-wiklinowym","product_tag-jubileusz","product_tag-rocznica","product_tag-prezent-dla-pary-mlodej","product_tag-prezent-slubny","product_tag-na-slub","product_tag-pan-mlody","product_tag-pani-mloda","product_tag-reczniki-z-haftem","product_tag-reczniki-kapielowe","product_tag-70x140cm","tm-has-options","wcspt-has-gallery"],"_links":{"self":[{"href":"https:\/\/haftis.pl\/sklep\/wp-json\/wp\/v2\/product\/162"}],"collection":[{"href":"https:\/\/haftis.pl\/sklep\/wp-json\/wp\/v2\/product"}],"about":[{"href":"https:\/\/haftis.pl\/sklep\/wp-json\/wp\/v2\/types\/product"}],"replies":[{"embeddable":true,"href":"https:\/\/haftis.pl\/sklep\/wp-json\/wp\/v2\/comments?post=162"}],"wp:featuredmedia":[{"embeddable":true,"href":"https:\/\/haftis.pl\/sklep\/wp-json\/wp\/v2\/media\/1235"}],"wp:attachment":[{"href":"https:\/\/haftis.pl\/sklep\/wp-json\/wp\/v2\/media?parent=162"}],"wp:term":[{"taxonomy":"product_cat","embeddable":true,"href":"https:\/\/haftis.pl\/sklep\/wp-json\/wp\/v2\/product_cat?post=162"},{"taxonomy":"product_tag","embeddable":true,"href":"https:\/\/haftis.pl\/sklep\/wp-json\/wp\/v2\/product_tag?post=162"}],"curies":[{"name":"wp","href":"https:\/\/api.w.org\/{rel}","templated":true}]}}