{"id":167,"date":"2017-03-29T23:30:43","date_gmt":"2017-03-29T21:30:43","guid":{"rendered":"http:\/\/localhost\/haftis-shop\/?post_type=product&#038;p=167"},"modified":"2023-11-24T09:52:27","modified_gmt":"2023-11-24T08:52:27","slug":"slon-z-recznikow-1x-recznik-kapielowy-1x-recznik-do-rak-haft","status":"publish","type":"product","link":"https:\/\/haftis.pl\/sklep\/produkt\/slon-z-recznikow-1x-recznik-kapielowy-1x-recznik-do-rak-haft\/","title":{"rendered":"S\u0142o\u0144 z r\u0119cznik\u00f3w (1x r\u0119cznik k\u0105pielowy + 1x r\u0119cznik do r\u0105k) + hafty z Twoim imieniem"},"content":{"rendered":"<h3>Super prezent na urodziny, imieniny<\/h3>\n<p><strong>S\u0142onia mo\u017cna \u0142atwo rozwin\u0105\u0107 i mamy w tedy normalny r\u0119cznik z wyhaftowanym imieniem.<\/strong><br \/>\n<strong>Ekskluzywne r\u0119czniki<\/strong> o puszystym i mi\u0119kkim wyko\u0144czeniu.<br \/>\nIch gramatura to <strong>550 g\/m\u00b2<\/strong> , wykonane w 100% z najwy\u017cszej jako\u015bci bawe\u0142ny, cz\u0119sto <strong>wybierane przez hotele i o\u015brodki Spa<\/strong>.<\/p>\n<p>Idealnie nadaj\u0105 si\u0119 do <strong>codziennego u\u017cytku<\/strong>, nie farbuj\u0105 i wspaniale wch\u0142aniaj\u0105 wod\u0119,<strong> nawet po wielu praniach s\u0105 jak nowe<\/strong>.<\/p>\n<p>Hafty zostan\u0105 wykonane na profesjonalnej <strong>maszynie haftuj\u0105cej JANOME MB-4S,<\/strong> oraz u\u017cyjemy nici <strong>Madeira<\/strong> co daje <strong>gwarancj\u0119 najwy\u017cszej jako\u015bci haftu<\/strong>.<\/p>\n","protected":false},"excerpt":{"rendered":"<p>Super prezent na urodziny, imieniny S\u0142onia mo\u017cna \u0142atwo rozwin\u0105\u0107 i mamy w tedy normalny r\u0119cznik z wyhaftowanym imieniem. Ekskluzywne r\u0119czniki o puszystym i mi\u0119kkim wyko\u0144czeniu. Ich gramatura to 550 g\/m\u00b2 , wykonane w 100% z najwy\u017cszej jako\u015bci bawe\u0142ny, cz\u0119sto wybierane przez hotele i o\u015brodki Spa. Idealnie nadaj\u0105 si\u0119 do codziennego u\u017cytku, nie farbuj\u0105 i wspaniale [&hellip;]<\/p>\n","protected":false},"featured_media":172,"comment_status":"open","ping_status":"closed","template":"","meta":[],"product_cat":[11,72,96,77,75,73,81,66,17,79,71,67,18,80,68,95,24,14,12],"product_tag":[229,194,191,192,180,172,8,7],"class_list":["post-167","product","type-product","status-publish","has-post-thumbnail","hentry","product_cat-reczniki","product_cat-dla-kogo","product_cat-dla-dziecka","product_cat-dla-babci","product_cat-dla-mamy","product_cat-dla-niej","product_cat-podziekowania","product_cat-okazjonalne","product_cat-maskotki-z-recznikow","product_cat-baby-shower","product_cat-jubileusze-rocznice","product_cat-narodziny-roczek-chrzest","product_cat-dla-dzieci","product_cat-parapetowka","product_cat-urodziny-imieniny","product_cat-maskotki-dla-dzieci","product_cat-reczniki-dla-dzieci","product_cat-reczniki-do-rak","product_cat-reczniki-kapielowe","product_tag-slon-z-recznikow","product_tag-50x100cm","product_tag-prezent-urodzinowy","product_tag-na-urodziny","product_tag-reczniki-z-haftem","product_tag-70x140cm","product_tag-recznik-do-rak","product_tag-recznik-kapielowy","tm-has-options","wcspt-has-gallery"],"_links":{"self":[{"href":"https:\/\/haftis.pl\/sklep\/wp-json\/wp\/v2\/product\/167"}],"collection":[{"href":"https:\/\/haftis.pl\/sklep\/wp-json\/wp\/v2\/product"}],"about":[{"href":"https:\/\/haftis.pl\/sklep\/wp-json\/wp\/v2\/types\/product"}],"replies":[{"embeddable":true,"href":"https:\/\/haftis.pl\/sklep\/wp-json\/wp\/v2\/comments?post=167"}],"wp:featuredmedia":[{"embeddable":true,"href":"https:\/\/haftis.pl\/sklep\/wp-json\/wp\/v2\/media\/172"}],"wp:attachment":[{"href":"https:\/\/haftis.pl\/sklep\/wp-json\/wp\/v2\/media?parent=167"}],"wp:term":[{"taxonomy":"product_cat","embeddable":true,"href":"https:\/\/haftis.pl\/sklep\/wp-json\/wp\/v2\/product_cat?post=167"},{"taxonomy":"product_tag","embeddable":true,"href":"https:\/\/haftis.pl\/sklep\/wp-json\/wp\/v2\/product_tag?post=167"}],"curies":[{"name":"wp","href":"https:\/\/api.w.org\/{rel}","templated":true}]}}