{"id":175,"date":"2017-03-30T17:45:56","date_gmt":"2017-03-30T15:45:56","guid":{"rendered":"http:\/\/localhost\/haftis-shop\/produkt\/tort-z-pieluszek-sliniaczek-skarpetki-kocyk-i-misiu-dla-dziewczynki\/"},"modified":"2022-10-03T18:56:33","modified_gmt":"2022-10-03T16:56:33","slug":"tort-z-pieluszek-rozowy","status":"publish","type":"product","link":"https:\/\/haftis.pl\/sklep\/produkt\/tort-z-pieluszek-rozowy\/","title":{"rendered":"Tort z pieluszek (pampersy, skarpetki, kocyk, \u015bliniak, maskotka) + indywidualny haft &#8211; r\u00f3\u017cowy"},"content":{"rendered":"<h3>Super prezent na narodziny lub chrzciny dziecka<\/h3>\n<p><strong>Elegancki tort sk\u0142adaj\u0105cy si\u0119 z:<\/strong><br \/>\n&#8211; do wyboru niebieski, r\u00f3\u017cowy lub ecru tort.<br \/>\n&#8211; 24 pieluszki firmy Pampers w rozmiarze 2,3 lub 4,<br \/>\n&#8211; 1 para skarpetek,<br \/>\n&#8211; kocyk polarowy,<br \/>\n&#8211; \u015bliniaczek,<br \/>\n&#8211; pluszowy mi\u015b firmy SUN-DAY (25 cm),<br \/>\n&#8211; indywidualny haft (mo\u017ce by\u0107 imi\u0119, data, dedykacja),<br \/>\n&#8211; ca\u0142o\u015b\u0107 zapakowana w celofan,<br \/>\n&#8211; dodatkowo do\u0142\u0105czony woreczek z organzy z kopertk\u0105 na pieni\u0105\u017cek lub banknot.<\/p>\n","protected":false},"excerpt":{"rendered":"<p>Super prezent na narodziny lub chrzciny dziecka Elegancki tort sk\u0142adaj\u0105cy si\u0119 z: &#8211; do wyboru niebieski, r\u00f3\u017cowy lub ecru tort. &#8211; 24 pieluszki firmy Pampers w rozmiarze 2,3 lub 4, &#8211; 1 para skarpetek, &#8211; kocyk polarowy, &#8211; \u015bliniaczek, &#8211; pluszowy mi\u015b firmy SUN-DAY (25 cm), &#8211; indywidualny haft (mo\u017ce by\u0107 imi\u0119, data, dedykacja), &#8211; [&hellip;]<\/p>\n","protected":false},"featured_media":139,"comment_status":"open","ping_status":"closed","template":"","meta":[],"product_cat":[72,96,66,79,67,18,95,27],"product_tag":[214,217,210,211,212,213,178,179,175,59],"class_list":["post-175","product","type-product","status-publish","has-post-thumbnail","hentry","product_cat-dla-kogo","product_cat-dla-dziecka","product_cat-okazjonalne","product_cat-baby-shower","product_cat-narodziny-roczek-chrzest","product_cat-dla-dzieci","product_cat-maskotki-dla-dzieci","product_cat-z-pieluszek","product_tag-kocyk-z-haftem","product_tag-tort-z-pampersow","product_tag-upominek","product_tag-narodziny-dziecka","product_tag-chrzest","product_tag-chrzciny","product_tag-dla-dziecka","product_tag-dla-dzieci","product_tag-na-prezent","product_tag-tort-z-pieluszek","tm-has-options","wcspt-has-gallery"],"_links":{"self":[{"href":"https:\/\/haftis.pl\/sklep\/wp-json\/wp\/v2\/product\/175"}],"collection":[{"href":"https:\/\/haftis.pl\/sklep\/wp-json\/wp\/v2\/product"}],"about":[{"href":"https:\/\/haftis.pl\/sklep\/wp-json\/wp\/v2\/types\/product"}],"replies":[{"embeddable":true,"href":"https:\/\/haftis.pl\/sklep\/wp-json\/wp\/v2\/comments?post=175"}],"wp:featuredmedia":[{"embeddable":true,"href":"https:\/\/haftis.pl\/sklep\/wp-json\/wp\/v2\/media\/139"}],"wp:attachment":[{"href":"https:\/\/haftis.pl\/sklep\/wp-json\/wp\/v2\/media?parent=175"}],"wp:term":[{"taxonomy":"product_cat","embeddable":true,"href":"https:\/\/haftis.pl\/sklep\/wp-json\/wp\/v2\/product_cat?post=175"},{"taxonomy":"product_tag","embeddable":true,"href":"https:\/\/haftis.pl\/sklep\/wp-json\/wp\/v2\/product_tag?post=175"}],"curies":[{"name":"wp","href":"https:\/\/api.w.org\/{rel}","templated":true}]}}