{"id":259,"date":"2017-03-30T22:19:22","date_gmt":"2017-03-30T20:19:22","guid":{"rendered":"http:\/\/localhost\/haftis-shop\/?post_type=product&#038;p=259"},"modified":"2017-05-21T21:09:50","modified_gmt":"2017-05-21T19:09:50","slug":"koszulka-z-krotkim-rekawem-z-wyhaftowana-ciuchcia-i-twoim-dowolnym-imieniem","status":"publish","type":"product","link":"https:\/\/haftis.pl\/sklep\/produkt\/koszulka-z-krotkim-rekawem-z-wyhaftowana-ciuchcia-i-twoim-dowolnym-imieniem\/","title":{"rendered":"Koszulka z kr\u00f3tkim r\u0119kawem z wyhaftowan\u0105 ciuchci\u0105 i Twoim dowolnym imieniem"},"content":{"rendered":"<h3>\u015awietny prezent dla ch\u0142opaka<\/h3>\n<p>Oryginalna koszulka z kr\u00f3tkim r\u0119kawem i wyhaftowan\u0105 ciuchci\u0105 wzorem auta i imieniem.<\/p>\n","protected":false},"excerpt":{"rendered":"<p>Koszula z kr\u00f3tkim r\u0119kawem z wyhaftowan\u0105 ciuchci\u0105 + Twoje imi\u0119.<\/p>\n","protected":false},"featured_media":260,"comment_status":"open","ping_status":"closed","template":"","meta":[],"product_cat":[72,96,66,18,68,19],"product_tag":[262,263,259,260],"class_list":["post-259","product","type-product","status-publish","has-post-thumbnail","hentry","product_cat-dla-kogo","product_cat-dla-dziecka","product_cat-okazjonalne","product_cat-dla-dzieci","product_cat-urodziny-imieniny","product_cat-koszulki-dla-dzieci","product_tag-t-shirt-dla-dziecka","product_tag-koszulki-dla-dzieci","product_tag-koszulka-z-haftem","product_tag-koszulka-dla-dziecka","tm-has-options","wcspt-has-gallery"],"_links":{"self":[{"href":"https:\/\/haftis.pl\/sklep\/wp-json\/wp\/v2\/product\/259"}],"collection":[{"href":"https:\/\/haftis.pl\/sklep\/wp-json\/wp\/v2\/product"}],"about":[{"href":"https:\/\/haftis.pl\/sklep\/wp-json\/wp\/v2\/types\/product"}],"replies":[{"embeddable":true,"href":"https:\/\/haftis.pl\/sklep\/wp-json\/wp\/v2\/comments?post=259"}],"wp:featuredmedia":[{"embeddable":true,"href":"https:\/\/haftis.pl\/sklep\/wp-json\/wp\/v2\/media\/260"}],"wp:attachment":[{"href":"https:\/\/haftis.pl\/sklep\/wp-json\/wp\/v2\/media?parent=259"}],"wp:term":[{"taxonomy":"product_cat","embeddable":true,"href":"https:\/\/haftis.pl\/sklep\/wp-json\/wp\/v2\/product_cat?post=259"},{"taxonomy":"product_tag","embeddable":true,"href":"https:\/\/haftis.pl\/sklep\/wp-json\/wp\/v2\/product_tag?post=259"}],"curies":[{"name":"wp","href":"https:\/\/api.w.org\/{rel}","templated":true}]}}