{"id":297,"date":"2017-04-01T17:14:18","date_gmt":"2017-04-01T15:14:18","guid":{"rendered":"http:\/\/localhost\/haftis-shop\/?post_type=product&#038;p=297"},"modified":"2025-11-24T17:05:37","modified_gmt":"2025-11-24T16:05:37","slug":"2x-recznik-kapielowy-70x140cm-super-babcia-i-super-dziadek-w-kartoniku","status":"publish","type":"product","link":"https:\/\/haftis.pl\/sklep\/produkt\/2x-recznik-kapielowy-70x140cm-super-babcia-i-super-dziadek-w-kartoniku\/","title":{"rendered":"2x r\u0119cznik k\u0105pielowy 70x140cm &#8220;Super Babcia&#8221; i &#8220;Super Dziadek&#8221; w kartoniku"},"content":{"rendered":"<h3>Super prezent dla babci i dziadka<\/h3>\n<p><strong>Ekskluzywne r\u0119czniki<\/strong> o puszystym i mi\u0119kkim wyko\u0144czeniu.<br \/>\nIch gramatura to <strong>550 g\/m\u00b2<\/strong> , wykonane w 100% z najwy\u017cszej jako\u015bci bawe\u0142ny, cz\u0119sto <strong>wybierane przez hotele i o\u015brodki Spa<\/strong>.<\/p>\n<p>Idealnie nadaj\u0105 si\u0119 do <strong>codziennego u\u017cytku<\/strong>, nie farbuj\u0105 i wspaniale wch\u0142aniaj\u0105 wod\u0119,<strong> nawet po wielu praniach s\u0105 jak nowe<\/strong>.<\/p>\n<p>Hafty zostan\u0105 wykonane na profesjonalnej <strong>maszynie haftuj\u0105cej JANOME MB-4S,<\/strong> oraz u\u017cyjemy nici <strong>Madeira<\/strong> co daje <strong>gwarancj\u0119 najwy\u017cszej jako\u015bci haftu<\/strong>.<\/p>\n","protected":false},"excerpt":{"rendered":"<p>Super prezent dla babci i dziadka Ekskluzywne r\u0119czniki o puszystym i mi\u0119kkim wyko\u0144czeniu. Ich gramatura to 550 g\/m\u00b2 , wykonane w 100% z najwy\u017cszej jako\u015bci bawe\u0142ny, cz\u0119sto wybierane przez hotele i o\u015brodki Spa. Idealnie nadaj\u0105 si\u0119 do codziennego u\u017cytku, nie farbuj\u0105 i wspaniale wch\u0142aniaj\u0105 wod\u0119, nawet po wielu praniach s\u0105 jak nowe. Hafty zostan\u0105 wykonane [&hellip;]<\/p>\n","protected":false},"featured_media":628,"comment_status":"open","ping_status":"closed","template":"","meta":[],"product_cat":[11,72,77,78,81,66,71,16,12],"product_tag":[251,252,253,254,223,180,181,172],"class_list":["post-297","product","type-product","status-publish","has-post-thumbnail","hentry","product_cat-reczniki","product_cat-dla-kogo","product_cat-dla-babci","product_cat-dla-dziadka","product_cat-podziekowania","product_cat-okazjonalne","product_cat-jubileusze-rocznice","product_cat-zestawy-recznikow","product_cat-reczniki-kapielowe","product_tag-reczniki-dla-babci-i-dziadka","product_tag-reczniki-dla-dziadkow","product_tag-prezent-dla-dziadkow","product_tag-prezent-dla-babci-i-dziadka","product_tag-w-kartonie","product_tag-reczniki-z-haftem","product_tag-reczniki-kapielowe","product_tag-70x140cm","tm-has-options","wcspt-has-gallery"],"_links":{"self":[{"href":"https:\/\/haftis.pl\/sklep\/wp-json\/wp\/v2\/product\/297"}],"collection":[{"href":"https:\/\/haftis.pl\/sklep\/wp-json\/wp\/v2\/product"}],"about":[{"href":"https:\/\/haftis.pl\/sklep\/wp-json\/wp\/v2\/types\/product"}],"replies":[{"embeddable":true,"href":"https:\/\/haftis.pl\/sklep\/wp-json\/wp\/v2\/comments?post=297"}],"wp:featuredmedia":[{"embeddable":true,"href":"https:\/\/haftis.pl\/sklep\/wp-json\/wp\/v2\/media\/628"}],"wp:attachment":[{"href":"https:\/\/haftis.pl\/sklep\/wp-json\/wp\/v2\/media?parent=297"}],"wp:term":[{"taxonomy":"product_cat","embeddable":true,"href":"https:\/\/haftis.pl\/sklep\/wp-json\/wp\/v2\/product_cat?post=297"},{"taxonomy":"product_tag","embeddable":true,"href":"https:\/\/haftis.pl\/sklep\/wp-json\/wp\/v2\/product_tag?post=297"}],"curies":[{"name":"wp","href":"https:\/\/api.w.org\/{rel}","templated":true}]}}