{"id":337,"date":"2017-04-01T18:26:40","date_gmt":"2017-04-01T16:26:40","guid":{"rendered":"http:\/\/localhost\/haftis-shop\/?post_type=product&#038;p=337"},"modified":"2023-11-24T09:54:06","modified_gmt":"2023-11-24T08:54:06","slug":"bukiet-z-recznika-myjki-30x50cm-wyhaftowane-indywidualne-dowolne-imie","status":"publish","type":"product","link":"https:\/\/haftis.pl\/sklep\/produkt\/bukiet-z-recznika-myjki-30x50cm-wyhaftowane-indywidualne-dowolne-imie\/","title":{"rendered":"Bukiet z r\u0119cznika myjki 30x50cm + wyhaftowane indywidualne, dowolne imi\u0119"},"content":{"rendered":"<h3>Super prezent dla kobiet<\/h3>\n<p><strong>Ekskluzywne r\u0119czniki<\/strong> o puszystym i mi\u0119kkim wyko\u0144czeniu.<br \/>\nIch gramatura to <strong>550 g\/m\u00b2<\/strong> , wykonane w 100% z najwy\u017cszej jako\u015bci bawe\u0142ny, cz\u0119sto <strong>wybierane przez hotele i o\u015brodki Spa<\/strong>.<\/p>\n<p>Idealnie nadaj\u0105 si\u0119 do <strong>codziennego u\u017cytku<\/strong>, nie farbuj\u0105 i wspaniale wch\u0142aniaj\u0105 wod\u0119,<strong> nawet po wielu praniach s\u0105 jak nowe<\/strong>.<\/p>\n<p>Hafty zostan\u0105 wykonane na profesjonalnej <strong>maszynie haftuj\u0105cej JANOME MB-4S,<\/strong> oraz u\u017cyjemy nici <strong>Madeira<\/strong> co daje <strong>gwarancj\u0119 najwy\u017cszej jako\u015bci haftu<\/strong>.<\/p>\n","protected":false},"excerpt":{"rendered":"<p>Super prezent dla kobiet Ekskluzywne r\u0119czniki o puszystym i mi\u0119kkim wyko\u0144czeniu. Ich gramatura to 550 g\/m\u00b2 , wykonane w 100% z najwy\u017cszej jako\u015bci bawe\u0142ny, cz\u0119sto wybierane przez hotele i o\u015brodki Spa. Idealnie nadaj\u0105 si\u0119 do codziennego u\u017cytku, nie farbuj\u0105 i wspaniale wch\u0142aniaj\u0105 wod\u0119, nawet po wielu praniach s\u0105 jak nowe. Hafty zostan\u0105 wykonane na profesjonalnej [&hellip;]<\/p>\n","protected":false},"featured_media":335,"comment_status":"open","ping_status":"closed","template":"","meta":[],"product_cat":[291,290,11,72,73,66,15,71,80,70,68],"product_tag":[242,232,233,231,195,192,175,154],"class_list":["post-337","product","type-product","status-publish","has-post-thumbnail","hentry","product_cat-walentynki","product_cat-dzien-kobiet","product_cat-reczniki","product_cat-dla-kogo","product_cat-dla-niej","product_cat-okazjonalne","product_cat-reczniki-myjki","product_cat-jubileusze-rocznice","product_cat-parapetowka","product_cat-prezenty-slubne","product_cat-urodziny-imieniny","product_tag-30x50cm","product_tag-recznik-w-ksztalcie-bukietu","product_tag-imieniny","product_tag-maly-recznik","product_tag-recznik-w-ksztalcie-kwiatka","product_tag-na-urodziny","product_tag-na-prezent","product_tag-recznik-z-haftem","tm-has-options","wcspt-has-gallery"],"_links":{"self":[{"href":"https:\/\/haftis.pl\/sklep\/wp-json\/wp\/v2\/product\/337"}],"collection":[{"href":"https:\/\/haftis.pl\/sklep\/wp-json\/wp\/v2\/product"}],"about":[{"href":"https:\/\/haftis.pl\/sklep\/wp-json\/wp\/v2\/types\/product"}],"replies":[{"embeddable":true,"href":"https:\/\/haftis.pl\/sklep\/wp-json\/wp\/v2\/comments?post=337"}],"wp:featuredmedia":[{"embeddable":true,"href":"https:\/\/haftis.pl\/sklep\/wp-json\/wp\/v2\/media\/335"}],"wp:attachment":[{"href":"https:\/\/haftis.pl\/sklep\/wp-json\/wp\/v2\/media?parent=337"}],"wp:term":[{"taxonomy":"product_cat","embeddable":true,"href":"https:\/\/haftis.pl\/sklep\/wp-json\/wp\/v2\/product_cat?post=337"},{"taxonomy":"product_tag","embeddable":true,"href":"https:\/\/haftis.pl\/sklep\/wp-json\/wp\/v2\/product_tag?post=337"}],"curies":[{"name":"wp","href":"https:\/\/api.w.org\/{rel}","templated":true}]}}