{"id":560700,"date":"2022-12-03T09:47:31","date_gmt":"2022-12-03T08:47:31","guid":{"rendered":"http:\/\/haftis.pl\/sklep\/?post_type=product&#038;p=560700"},"modified":"2022-12-03T10:03:29","modified_gmt":"2022-12-03T09:03:29","slug":"puszysty-koc-150x200cm-z-twoim-imieniem","status":"publish","type":"product","link":"https:\/\/haftis.pl\/sklep\/produkt\/puszysty-koc-150x200cm-z-twoim-imieniem\/","title":{"rendered":"Puszysty koc 150x200cm z Twoim imieniem"},"content":{"rendered":"<h3>Super prezent na \u015bwi\u0119ta Bo\u017cego narodzenia<\/h3>\n<p>Du\u017cy, puszysty koc 150x200cm elegancko zapakowany w celofan + Tw\u00f3j haft<\/p>\n<p>Wyj\u0105tkowo mi\u0119kki i lekki koc, kt\u00f3ry znakomicie sprawdzi si\u0119  jako niezwykle mi\u0142e okrycie w ch\u0142odne wieczory oraz jako niebanalna ozdoba sypialni. Wykonany z wysokiej jako\u015bci w\u0142\u00f3kien syntetycznych jest doskona\u0142\u0105 alternatyw\u0105 dla os\u00f3b uczulonych na we\u0142n\u0119 lub os\u00f3b z wra\u017cliw\u0105 sk\u00f3r\u0105. G\u0142adki i jednolity br\u0105zowy odcie\u0144 z \u0142atwo\u015bci\u0105 dopasujesz do wystroju Twojej sypialni.<\/p>\n<p>Przybranie dobierane jest wed\u0142ug wybranego koloru koca.<\/p>\n","protected":false},"excerpt":{"rendered":"<p>Super prezent na \u015bwi\u0119ta Bo\u017cego narodzenia Du\u017cy, puszysty koc 150x200cm elegancko zapakowany w celofan + Tw\u00f3j haft Wyj\u0105tkowo mi\u0119kki i lekki koc, kt\u00f3ry znakomicie sprawdzi si\u0119 jako niezwykle mi\u0142e okrycie w ch\u0142odne wieczory oraz jako niebanalna ozdoba sypialni. Wykonany z wysokiej jako\u015bci w\u0142\u00f3kien syntetycznych jest doskona\u0142\u0105 alternatyw\u0105 dla os\u00f3b uczulonych na we\u0142n\u0119 lub os\u00f3b z [&hellip;]<\/p>\n","protected":false},"featured_media":560708,"comment_status":"open","ping_status":"closed","template":"","meta":[],"product_cat":[307,278],"product_tag":[308,283,284,281,279],"class_list":["post-560700","product","type-product","status-publish","has-post-thumbnail","hentry","product_cat-koce","product_cat-boze-narodzenie","product_tag-koc-z-imieniem","product_tag-prezenty-na-swieta","product_tag-prezenty-pod-choinke","product_tag-swieta","product_tag-boze-narodzenie","tm-has-options","wcspt-has-gallery"],"_links":{"self":[{"href":"https:\/\/haftis.pl\/sklep\/wp-json\/wp\/v2\/product\/560700"}],"collection":[{"href":"https:\/\/haftis.pl\/sklep\/wp-json\/wp\/v2\/product"}],"about":[{"href":"https:\/\/haftis.pl\/sklep\/wp-json\/wp\/v2\/types\/product"}],"replies":[{"embeddable":true,"href":"https:\/\/haftis.pl\/sklep\/wp-json\/wp\/v2\/comments?post=560700"}],"wp:featuredmedia":[{"embeddable":true,"href":"https:\/\/haftis.pl\/sklep\/wp-json\/wp\/v2\/media\/560708"}],"wp:attachment":[{"href":"https:\/\/haftis.pl\/sklep\/wp-json\/wp\/v2\/media?parent=560700"}],"wp:term":[{"taxonomy":"product_cat","embeddable":true,"href":"https:\/\/haftis.pl\/sklep\/wp-json\/wp\/v2\/product_cat?post=560700"},{"taxonomy":"product_tag","embeddable":true,"href":"https:\/\/haftis.pl\/sklep\/wp-json\/wp\/v2\/product_tag?post=560700"}],"curies":[{"name":"wp","href":"https:\/\/api.w.org\/{rel}","templated":true}]}}