{"id":669,"date":"2017-04-19T17:16:52","date_gmt":"2017-04-19T15:16:52","guid":{"rendered":"http:\/\/localhost\/haftis-shop\/?post_type=product&#038;p=669"},"modified":"2022-10-03T18:56:33","modified_gmt":"2022-10-03T16:56:33","slug":"motor-z-pieluszek-niebieski","status":"publish","type":"product","link":"https:\/\/haftis.pl\/sklep\/produkt\/motor-z-pieluszek-niebieski\/","title":{"rendered":"Motor z pieluszek (pampersy, kubek, flanela, kocyk, skarpetki, maskotka) + indywidualny haft &#8211; niebieski"},"content":{"rendered":"<h3>Super prezent na narodziny lub chrzciny dziecka<\/h3>\n<p><strong>Elegancki motorek sk\u0142adaj\u0105cy si\u0119 z:<\/strong><br \/>\n&#8211; do wyboru niebieski lub r\u00f3\u017cowy motorek.<br \/>\n&#8211; 24 pieluszki firmy Pampers w rozmiarze 2, 3 lub 4<br \/>\n&#8211; kubek niekapek firmy Canpol,<br \/>\n&#8211; 1 para skarpetek,<br \/>\n&#8211; pieluszka flanelowa,<br \/>\n&#8211; kocyk polarowy,<br \/>\n&#8211; pluszowy mi\u015b firmy SUN-DAY (25 cm),<br \/>\n&#8211; indywidualny haft (mo\u017ce by\u0107 imi\u0119, data, dedykacja),<br \/>\n&#8211; ca\u0142o\u015b\u0107 zapakowana w celofan,<br \/>\n&#8211; dodatkowo tylko na tej aukcji do\u0142\u0105czony woreczek z organzy z kopertk\u0105 na pieni\u0105\u017cek lub banknot.<\/p>\n","protected":false},"excerpt":{"rendered":"<p>Super prezent na narodziny lub chrzciny dziecka Elegancki motorek sk\u0142adaj\u0105cy si\u0119 z: &#8211; do wyboru niebieski lub r\u00f3\u017cowy motorek. &#8211; 24 pieluszki firmy Pampers w rozmiarze 2, 3 lub 4 &#8211; kubek niekapek firmy Canpol, &#8211; 1 para skarpetek, &#8211; pieluszka flanelowa, &#8211; kocyk polarowy, &#8211; pluszowy mi\u015b firmy SUN-DAY (25 cm), &#8211; indywidualny haft [&hellip;]<\/p>\n","protected":false},"featured_media":965,"comment_status":"open","ping_status":"closed","template":"","meta":[],"product_cat":[72,96,66,79,67,18,95,27],"product_tag":[219,214,215,216,217,218,210,211,212,213,178,179,175,59],"class_list":["post-669","product","type-product","status-publish","has-post-thumbnail","hentry","product_cat-dla-kogo","product_cat-dla-dziecka","product_cat-okazjonalne","product_cat-baby-shower","product_cat-narodziny-roczek-chrzest","product_cat-dla-dzieci","product_cat-maskotki-dla-dzieci","product_cat-z-pieluszek","product_tag-motor-z-pieluszek","product_tag-kocyk-z-haftem","product_tag-motor","product_tag-motorek","product_tag-tort-z-pampersow","product_tag-motor-z-pampersow","product_tag-upominek","product_tag-narodziny-dziecka","product_tag-chrzest","product_tag-chrzciny","product_tag-dla-dziecka","product_tag-dla-dzieci","product_tag-na-prezent","product_tag-tort-z-pieluszek","product_shipping_class-krajowa","tm-has-options","wcspt-has-gallery"],"_links":{"self":[{"href":"https:\/\/haftis.pl\/sklep\/wp-json\/wp\/v2\/product\/669"}],"collection":[{"href":"https:\/\/haftis.pl\/sklep\/wp-json\/wp\/v2\/product"}],"about":[{"href":"https:\/\/haftis.pl\/sklep\/wp-json\/wp\/v2\/types\/product"}],"replies":[{"embeddable":true,"href":"https:\/\/haftis.pl\/sklep\/wp-json\/wp\/v2\/comments?post=669"}],"wp:featuredmedia":[{"embeddable":true,"href":"https:\/\/haftis.pl\/sklep\/wp-json\/wp\/v2\/media\/965"}],"wp:attachment":[{"href":"https:\/\/haftis.pl\/sklep\/wp-json\/wp\/v2\/media?parent=669"}],"wp:term":[{"taxonomy":"product_cat","embeddable":true,"href":"https:\/\/haftis.pl\/sklep\/wp-json\/wp\/v2\/product_cat?post=669"},{"taxonomy":"product_tag","embeddable":true,"href":"https:\/\/haftis.pl\/sklep\/wp-json\/wp\/v2\/product_tag?post=669"}],"curies":[{"name":"wp","href":"https:\/\/api.w.org\/{rel}","templated":true}]}}