{"id":927,"date":"2017-05-11T17:40:13","date_gmt":"2017-05-11T15:40:13","guid":{"rendered":"http:\/\/haftis.pl\/sklep\/?post_type=product&#038;p=927"},"modified":"2023-11-24T09:53:18","modified_gmt":"2023-11-24T08:53:18","slug":"2x-recznik-kapielowy-70x140cm-z-wzorem-i-twoja-dedykacja-w-ozdobnym-koszu","status":"publish","type":"product","link":"https:\/\/haftis.pl\/sklep\/produkt\/2x-recznik-kapielowy-70x140cm-z-wzorem-i-twoja-dedykacja-w-ozdobnym-koszu\/","title":{"rendered":"2x r\u0119cznik k\u0105pielowy 70x140cm z wzorem i Twoj\u0105 dedykacj\u0105 w ozdobnym koszu"},"content":{"rendered":"<h3>Super prezent na podzi\u0119kowania, jubileusz lub \u015blub<\/h3>\n<p><strong>Ekskluzywne r\u0119czniki<\/strong> o puszystym i mi\u0119kkim wyko\u0144czeniu.<br \/>\nIch gramatura to <strong>550 g\/m\u00b2<\/strong> , wykonane w 100% z najwy\u017cszej jako\u015bci bawe\u0142ny, cz\u0119sto <strong>wybierane przez hotele i o\u015brodki Spa<\/strong>.<\/p>\n<p>Idealnie nadaj\u0105 si\u0119 do <strong>codziennego u\u017cytku<\/strong>, nie farbuj\u0105 i wspaniale wch\u0142aniaj\u0105 wod\u0119,<strong> nawet po wielu praniach s\u0105 jak nowe<\/strong>.<\/p>\n<p>Hafty zostan\u0105 wykonane na profesjonalnej <strong>maszynie haftuj\u0105cej JANOME MB-4S,<\/strong> oraz u\u017cyjemy nici <strong>Madeira<\/strong> co daje <strong>gwarancj\u0119 najwy\u017cszej jako\u015bci haftu<\/strong>.<\/p>\n","protected":false},"excerpt":{"rendered":"<p>Super prezent na podzi\u0119kowania, jubileusz lub \u015blub Ekskluzywne r\u0119czniki o puszystym i mi\u0119kkim wyko\u0144czeniu. Ich gramatura to 550 g\/m\u00b2 , wykonane w 100% z najwy\u017cszej jako\u015bci bawe\u0142ny, cz\u0119sto wybierane przez hotele i o\u015brodki Spa. Idealnie nadaj\u0105 si\u0119 do codziennego u\u017cytku, nie farbuj\u0105 i wspaniale wch\u0142aniaj\u0105 wod\u0119, nawet po wielu praniach s\u0105 jak nowe. Hafty zostan\u0105 [&hellip;]<\/p>\n","protected":false},"featured_media":928,"comment_status":"open","ping_status":"closed","template":"","meta":[],"product_cat":[11,72,81,66,71,16,80,70,68,12],"product_tag":[205,206,188,189,190,182,183,184,185,186,180,181,172],"class_list":["post-927","product","type-product","status-publish","has-post-thumbnail","hentry","product_cat-reczniki","product_cat-dla-kogo","product_cat-podziekowania","product_cat-okazjonalne","product_cat-jubileusze-rocznice","product_cat-zestawy-recznikow","product_cat-parapetowka","product_cat-prezenty-slubne","product_cat-urodziny-imieniny","product_cat-reczniki-kapielowe","product_tag-w-koszyku","product_tag-podziekowania","product_tag-w-koszu-wiklinowym","product_tag-jubileusz","product_tag-rocznica","product_tag-prezent-dla-pary-mlodej","product_tag-prezent-slubny","product_tag-na-slub","product_tag-pan-mlody","product_tag-pani-mloda","product_tag-reczniki-z-haftem","product_tag-reczniki-kapielowe","product_tag-70x140cm","tm-has-options","wcspt-has-gallery"],"_links":{"self":[{"href":"https:\/\/haftis.pl\/sklep\/wp-json\/wp\/v2\/product\/927"}],"collection":[{"href":"https:\/\/haftis.pl\/sklep\/wp-json\/wp\/v2\/product"}],"about":[{"href":"https:\/\/haftis.pl\/sklep\/wp-json\/wp\/v2\/types\/product"}],"replies":[{"embeddable":true,"href":"https:\/\/haftis.pl\/sklep\/wp-json\/wp\/v2\/comments?post=927"}],"wp:featuredmedia":[{"embeddable":true,"href":"https:\/\/haftis.pl\/sklep\/wp-json\/wp\/v2\/media\/928"}],"wp:attachment":[{"href":"https:\/\/haftis.pl\/sklep\/wp-json\/wp\/v2\/media?parent=927"}],"wp:term":[{"taxonomy":"product_cat","embeddable":true,"href":"https:\/\/haftis.pl\/sklep\/wp-json\/wp\/v2\/product_cat?post=927"},{"taxonomy":"product_tag","embeddable":true,"href":"https:\/\/haftis.pl\/sklep\/wp-json\/wp\/v2\/product_tag?post=927"}],"curies":[{"name":"wp","href":"https:\/\/api.w.org\/{rel}","templated":true}]}}