{"id":960,"date":"2017-05-12T21:14:35","date_gmt":"2017-05-12T19:14:35","guid":{"rendered":"http:\/\/haftis.pl\/sklep\/?post_type=product&#038;p=960"},"modified":"2023-11-24T09:51:01","modified_gmt":"2023-11-24T08:51:01","slug":"recznik-kapielowy-70x140cm-z-wyhaftowanym-napisem-zycie-zaczyna-sie-po","status":"publish","type":"product","link":"https:\/\/haftis.pl\/sklep\/produkt\/recznik-kapielowy-70x140cm-z-wyhaftowanym-napisem-zycie-zaczyna-sie-po\/","title":{"rendered":"R\u0119cznik k\u0105pielowy 70x140cm z wyhaftowanym napisem<br> &#8220;\u017bycie zaczyna si\u0119 po&#8230;&#8221;"},"content":{"rendered":"<h3>Super prezent na urodziny<\/h3>\n<p><strong>Ekskluzywne r\u0119czniki<\/strong> o puszystym i mi\u0119kkim wyko\u0144czeniu.<br \/>\nIch gramatura to <strong>550 g\/m\u00b2<\/strong> , wykonane w 100% z najwy\u017cszej jako\u015bci bawe\u0142ny, cz\u0119sto <strong>wybierane przez hotele i o\u015brodki Spa<\/strong>.<\/p>\n<p>Idealnie nadaj\u0105 si\u0119 do <strong>codziennego u\u017cytku<\/strong>, nie farbuj\u0105 i wspaniale wch\u0142aniaj\u0105 wod\u0119,<strong> nawet po wielu praniach s\u0105 jak nowe<\/strong>.<\/p>\n<p>Hafty zostan\u0105 wykonane na profesjonalnej <strong>maszynie haftuj\u0105cej JANOME MB-4S,<\/strong> oraz u\u017cyjemy nici <strong>Madeira<\/strong> co daje <strong>gwarancj\u0119 najwy\u017cszej jako\u015bci haftu<\/strong>.<\/p>\n","protected":false},"excerpt":{"rendered":"<p>Super prezent na urodziny Ekskluzywne r\u0119czniki o puszystym i mi\u0119kkim wyko\u0144czeniu. Ich gramatura to 550 g\/m\u00b2 , wykonane w 100% z najwy\u017cszej jako\u015bci bawe\u0142ny, cz\u0119sto wybierane przez hotele i o\u015brodki Spa. Idealnie nadaj\u0105 si\u0119 do codziennego u\u017cytku, nie farbuj\u0105 i wspaniale wch\u0142aniaj\u0105 wod\u0119, nawet po wielu praniach s\u0105 jak nowe. Hafty zostan\u0105 wykonane na profesjonalnej [&hellip;]<\/p>\n","protected":false},"featured_media":944,"comment_status":"open","ping_status":"closed","template":"","meta":[],"product_cat":[11,72,77,78,75,74,73,76,66,68,12],"product_tag":[191,192,193,172,154,7],"class_list":["post-960","product","type-product","status-publish","has-post-thumbnail","hentry","product_cat-reczniki","product_cat-dla-kogo","product_cat-dla-babci","product_cat-dla-dziadka","product_cat-dla-mamy","product_cat-dla-niego","product_cat-dla-niej","product_cat-dla-taty","product_cat-okazjonalne","product_cat-urodziny-imieniny","product_cat-reczniki-kapielowe","product_tag-prezent-urodzinowy","product_tag-na-urodziny","product_tag-dla-solenizanta","product_tag-70x140cm","product_tag-recznik-z-haftem","product_tag-recznik-kapielowy","tm-has-options","wcspt-has-gallery"],"_links":{"self":[{"href":"https:\/\/haftis.pl\/sklep\/wp-json\/wp\/v2\/product\/960"}],"collection":[{"href":"https:\/\/haftis.pl\/sklep\/wp-json\/wp\/v2\/product"}],"about":[{"href":"https:\/\/haftis.pl\/sklep\/wp-json\/wp\/v2\/types\/product"}],"replies":[{"embeddable":true,"href":"https:\/\/haftis.pl\/sklep\/wp-json\/wp\/v2\/comments?post=960"}],"wp:featuredmedia":[{"embeddable":true,"href":"https:\/\/haftis.pl\/sklep\/wp-json\/wp\/v2\/media\/944"}],"wp:attachment":[{"href":"https:\/\/haftis.pl\/sklep\/wp-json\/wp\/v2\/media?parent=960"}],"wp:term":[{"taxonomy":"product_cat","embeddable":true,"href":"https:\/\/haftis.pl\/sklep\/wp-json\/wp\/v2\/product_cat?post=960"},{"taxonomy":"product_tag","embeddable":true,"href":"https:\/\/haftis.pl\/sklep\/wp-json\/wp\/v2\/product_tag?post=960"}],"curies":[{"name":"wp","href":"https:\/\/api.w.org\/{rel}","templated":true}]}}