{"id":999,"date":"2017-05-13T10:11:07","date_gmt":"2017-05-13T08:11:07","guid":{"rendered":"http:\/\/haftis.pl\/sklep\/?post_type=product&#038;p=999"},"modified":"2022-10-03T18:52:22","modified_gmt":"2022-10-03T16:52:22","slug":"recznik-do-rak-50x100cm-w-ksztalcie-misia-z-haftem-mama","status":"publish","type":"product","link":"https:\/\/haftis.pl\/sklep\/produkt\/recznik-do-rak-50x100cm-w-ksztalcie-misia-z-haftem-mama\/","title":{"rendered":"R\u0119cznik do r\u0105k 50x100cm w kszta\u0142cie misia z wyhaftowanym napisem &#8220;Mama&#8221;"},"content":{"rendered":"<h3>Maskotka z haftem wykonana z ma\u0142ego r\u0119cznika na prezent dla mamy.<\/h3>\n<p><strong>Mo\u017cna tak\u017ce maskotk\u0119 \u0142atwo rozwin\u0105\u0107, wtedy otrzymamy normalny r\u0119cznik.<\/strong><\/p>\n<p><strong>Ekskluzywne r\u0119czniki<\/strong> o puszystym i mi\u0119kkim wyko\u0144czeniu.<\/strong><br \/>\nIch gramatura to <strong>550 g\/m\u00b2<\/strong> , wykonane w 100% z najwy\u017cszej jako\u015bci bawe\u0142ny, cz\u0119sto <strong>wybierane przez hotele i o\u015brodki Spa<\/strong>.<\/p>\n<p>Idealnie nadaj\u0105 si\u0119 do <strong>codziennego u\u017cytku<\/strong>, nie farbuj\u0105 i wspaniale wch\u0142aniaj\u0105 wod\u0119,<strong> nawet po wielu praniach s\u0105 jak nowe<\/strong>.<\/p>\n<p>Hafty zostan\u0105 wykonane na profesjonalnej <strong>maszynie haftuj\u0105cej JANOME MB-4S,<\/strong> oraz u\u017cyjemy nici <strong>Madeira<\/strong> co daje <strong>gwarancj\u0119 najwy\u017cszej jako\u015bci haftu<\/strong>.<\/p>\n","protected":false},"excerpt":{"rendered":"<p>Maskotka z haftem wykonana z ma\u0142ego r\u0119cznika na prezent dla mamy. Mo\u017cna tak\u017ce maskotk\u0119 \u0142atwo rozwin\u0105\u0107, wtedy otrzymamy normalny r\u0119cznik. Ekskluzywne r\u0119czniki o puszystym i mi\u0119kkim wyko\u0144czeniu. Ich gramatura to 550 g\/m\u00b2 , wykonane w 100% z najwy\u017cszej jako\u015bci bawe\u0142ny, cz\u0119sto wybierane przez hotele i o\u015brodki Spa. Idealnie nadaj\u0105 si\u0119 do codziennego u\u017cytku, nie farbuj\u0105 [&hellip;]<\/p>\n","protected":false},"featured_media":978,"comment_status":"open","ping_status":"closed","template":"","meta":[],"product_cat":[11,72,77,75,73,81,17,79,68,14],"product_tag":[165,163,158,159,154,8],"class_list":["post-999","product","type-product","status-publish","has-post-thumbnail","hentry","product_cat-reczniki","product_cat-dla-kogo","product_cat-dla-babci","product_cat-dla-mamy","product_cat-dla-niej","product_cat-podziekowania","product_cat-maskotki-z-recznikow","product_cat-baby-shower","product_cat-urodziny-imieniny","product_cat-reczniki-do-rak","product_tag-prezent-dla-mamy","product_tag-recznik-dla-mamy","product_tag-maskotka-z-recznika","product_tag-mis-z-recznika","product_tag-recznik-z-haftem","product_tag-recznik-do-rak","tm-has-options","wcspt-has-gallery"],"_links":{"self":[{"href":"https:\/\/haftis.pl\/sklep\/wp-json\/wp\/v2\/product\/999"}],"collection":[{"href":"https:\/\/haftis.pl\/sklep\/wp-json\/wp\/v2\/product"}],"about":[{"href":"https:\/\/haftis.pl\/sklep\/wp-json\/wp\/v2\/types\/product"}],"replies":[{"embeddable":true,"href":"https:\/\/haftis.pl\/sklep\/wp-json\/wp\/v2\/comments?post=999"}],"wp:featuredmedia":[{"embeddable":true,"href":"https:\/\/haftis.pl\/sklep\/wp-json\/wp\/v2\/media\/978"}],"wp:attachment":[{"href":"https:\/\/haftis.pl\/sklep\/wp-json\/wp\/v2\/media?parent=999"}],"wp:term":[{"taxonomy":"product_cat","embeddable":true,"href":"https:\/\/haftis.pl\/sklep\/wp-json\/wp\/v2\/product_cat?post=999"},{"taxonomy":"product_tag","embeddable":true,"href":"https:\/\/haftis.pl\/sklep\/wp-json\/wp\/v2\/product_tag?post=999"}],"curies":[{"name":"wp","href":"https:\/\/api.w.org\/{rel}","templated":true}]}}